{"id":10,"date":"2026-01-07T17:13:27","date_gmt":"2026-01-07T16:13:27","guid":{"rendered":"http:\/\/localhost\/jrs\/?post_type=product&#038;p=10"},"modified":"2026-01-11T17:19:14","modified_gmt":"2026-01-11T16:19:14","slug":"krazek-360","status":"publish","type":"product","link":"https:\/\/www.jrs.bielawa.pl\/index.php\/produkt\/krazek-360\/","title":{"rendered":"KR\u0104\u017bEK 360"},"content":{"rendered":"\n<p>Wyobra\u017a sobie, \u017ce mo\u017cesz \u015bledzi\u0107 ruch w ca\u0142ym pomieszczeniu \u2013 w zakresie 360 \u200b\u200bstopni. Teraz mo\u017cesz!<\/p>\n\n\n\n<p>Wykorzystuje szereg zaawansowanych laserowych czujnik\u00f3w ruchu. Diody na g\u00f3rze wskazuj\u0105 kierunek wykrycia ruchu i pomagaj\u0105 zwizualizowa\u0107 odleg\u0142o\u015b\u0107 od obiekt\u00f3w, kt\u00f3re wkraczaj\u0105 w stref\u0119 oddzia\u0142ywania.<\/p>\n\n\n\n<p>Je\u015bli obiekt lub jednostka si\u0119 porusza, ka\u017cdy czujnik wykryje kierunek ruchu.<\/p>\n\n\n\n<p>Sygna\u0142y d\u017awi\u0119kowe pomagaj\u0105 ostrzec Ci\u0119 o obecno\u015bci, je\u015bli nie jeste\u015b w pomieszczeniu i nie widzisz sygna\u0142\u00f3w.<\/p>\n\n\n\n<p>*UWAGA: Cz\u0119\u015bci tego produktu s\u0105 drukowane w technologii 3D bezpo\u015brednio w JRS Paranormal Technology. Ka\u017cdy z nich jest wytwarzany r\u0119cznie z najwy\u017csz\u0105 staranno\u015bci\u0105. W zwi\u0105zku z tym, ka\u017cdy z nich mo\u017ce mie\u0107 unikalne elementy w fakturze, kt\u00f3re mog\u0105 wydawa\u0107 si\u0119 drobnymi defektami. Te unikalne elementy nie wp\u0142ywaj\u0105 na funkcjonalno\u015b\u0107 produktu. Chocia\u017c dok\u0142adamy wszelkich stara\u0144, aby by\u0142y jak najbardziej jednolite, ka\u017cdy z nich b\u0119dzie w pewnym stopniu unikatowy, poniewa\u017c s\u0105 drukowane i wykonywane r\u0119cznie, co gwarantuje wysok\u0105 jako\u015b\u0107. Dzi\u0119kujemy za zrozumienie.<\/p>\n","protected":false},"featured_media":11,"template":"","product_category":[3],"class_list":["post-10","product","type-product","status-publish","has-post-thumbnail","hentry","product_category-sensory-ruchu"],"_links":{"self":[{"href":"https:\/\/www.jrs.bielawa.pl\/index.php\/wp-json\/wp\/v2\/product\/10","targetHints":{"allow":["GET"]}}],"collection":[{"href":"https:\/\/www.jrs.bielawa.pl\/index.php\/wp-json\/wp\/v2\/product"}],"about":[{"href":"https:\/\/www.jrs.bielawa.pl\/index.php\/wp-json\/wp\/v2\/types\/product"}],"wp:featuredmedia":[{"embeddable":true,"href":"https:\/\/www.jrs.bielawa.pl\/index.php\/wp-json\/wp\/v2\/media\/11"}],"wp:attachment":[{"href":"https:\/\/www.jrs.bielawa.pl\/index.php\/wp-json\/wp\/v2\/media?parent=10"}],"wp:term":[{"taxonomy":"product_category","embeddable":true,"href":"https:\/\/www.jrs.bielawa.pl\/index.php\/wp-json\/wp\/v2\/product_category?post=10"}],"curies":[{"name":"wp","href":"https:\/\/api.w.org\/{rel}","templated":true}]}}