{"id":12,"date":"2026-01-07T17:15:45","date_gmt":"2026-01-07T16:15:45","guid":{"rendered":"http:\/\/localhost\/jrs\/?post_type=product&#038;p=12"},"modified":"2026-01-11T17:19:01","modified_gmt":"2026-01-11T16:19:01","slug":"jrs-tracer","status":"publish","type":"product","link":"https:\/\/www.jrs.bielawa.pl\/index.php\/produkt\/jrs-tracer\/","title":{"rendered":"JRS TRACER"},"content":{"rendered":"\n<p>Nasz JRS TRACER to dok\u0142adnie to, czego potrzebujesz, aby w ciekawy spos\u00f3b ulepszy\u0107 swoje \u015bledztwa.<\/p>\n\n\n\n<p>To innowacyjne urz\u0105dzenie dos\u0142ownie ukazuje wizualizacj\u0119 ruchu \u2013 pozwalaj\u0105c Ci roz\u0142o\u017cy\u0107 sznur \u015bwietlny LED i obserwowa\u0107, jak o\u015bwietla on \u015bcie\u017ck\u0119 przed sob\u0105, mierz\u0105c ruch i odleg\u0142o\u015b\u0107.<\/p>\n\n\n\n<p>Jest to szczeg\u00f3lnie przydatne w korytarzach i innych miejscach, gdzie co\u015b wydaje si\u0119 przechodzi\u0107 lub przecina\u0107 \u015bcie\u017ck\u0119.<\/p>\n\n\n\n<p>Idealnie nadaje si\u0119 do wizualnego potwierdzenia zjawisk paranormalnych w dowolnym miejscu.<\/p>\n\n\n\n<p>Wykorzystuje szereg zaawansowanych laserowych czujnik\u00f3w ruchu.<\/p>\n\n\n\n<p>*UWAGA: Cz\u0119\u015bci tego produktu s\u0105 drukowane w technologii 3D bezpo\u015brednio w JRS Paranormal Technology. Ka\u017cdy z nich jest wytwarzany r\u0119cznie z najwy\u017csz\u0105 staranno\u015bci\u0105. W zwi\u0105zku z tym, ka\u017cdy z nich mo\u017ce mie\u0107 unikalne elementy w fakturze, kt\u00f3re mog\u0105 wydawa\u0107 si\u0119 drobnymi defektami. Te unikalne elementy nie wp\u0142ywaj\u0105 na funkcjonalno\u015b\u0107 produktu. Chocia\u017c dok\u0142adamy wszelkich stara\u0144, aby by\u0142y jak najbardziej jednolite, ka\u017cdy z nich b\u0119dzie w pewnym stopniu unikatowy, poniewa\u017c s\u0105 drukowane i wykonywane r\u0119cznie, co gwarantuje wysok\u0105 jako\u015b\u0107. Dzi\u0119kujemy za zrozumienie.<\/p>\n","protected":false},"featured_media":11,"template":"","product_category":[3],"class_list":["post-12","product","type-product","status-publish","has-post-thumbnail","hentry","product_category-sensory-ruchu"],"_links":{"self":[{"href":"https:\/\/www.jrs.bielawa.pl\/index.php\/wp-json\/wp\/v2\/product\/12","targetHints":{"allow":["GET"]}}],"collection":[{"href":"https:\/\/www.jrs.bielawa.pl\/index.php\/wp-json\/wp\/v2\/product"}],"about":[{"href":"https:\/\/www.jrs.bielawa.pl\/index.php\/wp-json\/wp\/v2\/types\/product"}],"wp:featuredmedia":[{"embeddable":true,"href":"https:\/\/www.jrs.bielawa.pl\/index.php\/wp-json\/wp\/v2\/media\/11"}],"wp:attachment":[{"href":"https:\/\/www.jrs.bielawa.pl\/index.php\/wp-json\/wp\/v2\/media?parent=12"}],"wp:term":[{"taxonomy":"product_category","embeddable":true,"href":"https:\/\/www.jrs.bielawa.pl\/index.php\/wp-json\/wp\/v2\/product_category?post=12"}],"curies":[{"name":"wp","href":"https:\/\/api.w.org\/{rel}","templated":true}]}}