{"id":15,"date":"2026-01-07T17:18:51","date_gmt":"2026-01-07T16:18:51","guid":{"rendered":"http:\/\/localhost\/jrs\/?post_type=product&#038;p=15"},"modified":"2026-01-11T17:18:31","modified_gmt":"2026-01-11T16:18:31","slug":"pompa-emf","status":"publish","type":"product","link":"https:\/\/www.jrs.bielawa.pl\/index.php\/produkt\/pompa-emf\/","title":{"rendered":"POMPA EMF"},"content":{"rendered":"\n<p>*UWAGA: Cz\u0119\u015bci tego produktu s\u0105 drukowane w technologii 3D bezpo\u015brednio w JRS Paranormal Technology. Ka\u017cdy z nich jest wytwarzany r\u0119cznie z najwy\u017csz\u0105 staranno\u015bci\u0105. W zwi\u0105zku z tym, ka\u017cdy z nich mo\u017ce mie\u0107 unikalne elementy w fakturze, kt\u00f3re mog\u0105 wydawa\u0107 si\u0119 drobnymi defektami. Te unikalne elementy nie wp\u0142ywaj\u0105 na funkcjonalno\u015b\u0107 produktu. Chocia\u017c dok\u0142adamy wszelkich stara\u0144, aby by\u0142y jak najbardziej jednolite, ka\u017cdy z nich b\u0119dzie w pewnym stopniu unikatowy, poniewa\u017c s\u0105 drukowane i wykonywane r\u0119cznie, co gwarantuje wysok\u0105 jako\u015b\u0107. Dzi\u0119kujemy za zrozumienie.<\/p>\n","protected":false},"featured_media":11,"template":"","product_category":[4],"class_list":["post-15","product","type-product","status-publish","has-post-thumbnail","hentry","product_category-pozostale"],"_links":{"self":[{"href":"https:\/\/www.jrs.bielawa.pl\/index.php\/wp-json\/wp\/v2\/product\/15","targetHints":{"allow":["GET"]}}],"collection":[{"href":"https:\/\/www.jrs.bielawa.pl\/index.php\/wp-json\/wp\/v2\/product"}],"about":[{"href":"https:\/\/www.jrs.bielawa.pl\/index.php\/wp-json\/wp\/v2\/types\/product"}],"wp:featuredmedia":[{"embeddable":true,"href":"https:\/\/www.jrs.bielawa.pl\/index.php\/wp-json\/wp\/v2\/media\/11"}],"wp:attachment":[{"href":"https:\/\/www.jrs.bielawa.pl\/index.php\/wp-json\/wp\/v2\/media?parent=15"}],"wp:term":[{"taxonomy":"product_category","embeddable":true,"href":"https:\/\/www.jrs.bielawa.pl\/index.php\/wp-json\/wp\/v2\/product_category?post=15"}],"curies":[{"name":"wp","href":"https:\/\/api.w.org\/{rel}","templated":true}]}}