{"id":16,"date":"2026-01-07T17:20:29","date_gmt":"2026-01-07T16:20:29","guid":{"rendered":"http:\/\/localhost\/jrs\/?post_type=product&#038;p=16"},"modified":"2026-01-11T17:18:16","modified_gmt":"2026-01-11T16:18:16","slug":"krazek-odpowiedzi","status":"publish","type":"product","link":"https:\/\/www.jrs.bielawa.pl\/index.php\/produkt\/krazek-odpowiedzi\/","title":{"rendered":"KR\u0104\u017bEK ODPOWIEDZI"},"content":{"rendered":"\n<p>Zadawaj pytania. Uzyskaj odpowiedzi z za\u015bwiat\u00f3w.<\/p>\n\n\n\n<p>Badacze zjawisk paranormalnych musz\u0105 zebra\u0107 wiele danych w terenie, aby m\u00f3c formu\u0142owa\u0107 uzasadnione hipotezy dotycz\u0105ce mo\u017cliwych przyczyn niewyja\u015bnionej aktywno\u015bci.<\/p>\n\n\n\n<p>Powszechn\u0105 strategi\u0105 \u0142owc\u00f3w duch\u00f3w jest pr\u00f3ba uzyskania odpowiedzi od wszelkich potencjalnych byt\u00f3w w okolicy. Cz\u0119sto mo\u017cna to osi\u0105gn\u0105\u0107, wchodz\u0105c i przechodz\u0105c przez przestrzenie, z kt\u00f3rymi s\u0105 najbardziej zwi\u0105zani, dotykaj\u0105c przedmiot\u00f3w, kt\u00f3re by\u0142y dla nich szczeg\u00f3lne, lub zadaj\u0105c pytania w ramach swoistego wywiadu dotycz\u0105cego zjawisk paranormalnych.<\/p>\n\n\n\n<p>*UWAGA: Cz\u0119\u015bci tego produktu s\u0105 drukowane w technologii 3D bezpo\u015brednio w JRS Paranormal Technology. Ka\u017cdy z nich jest wytwarzany r\u0119cznie z najwy\u017csz\u0105 staranno\u015bci\u0105. W zwi\u0105zku z tym, ka\u017cdy z nich mo\u017ce mie\u0107 unikalne elementy w fakturze, kt\u00f3re mog\u0105 wydawa\u0107 si\u0119 drobnymi defektami. Te unikalne elementy nie wp\u0142ywaj\u0105 na funkcjonalno\u015b\u0107 produktu. Chocia\u017c dok\u0142adamy wszelkich stara\u0144, aby by\u0142y jak najbardziej jednolite, ka\u017cdy z nich b\u0119dzie w pewnym stopniu unikatowy, poniewa\u017c s\u0105 drukowane i wykonywane r\u0119cznie, co gwarantuje wysok\u0105 jako\u015b\u0107. Dzi\u0119kujemy za zrozumienie.<\/p>\n","protected":false},"featured_media":11,"template":"","product_category":[4],"class_list":["post-16","product","type-product","status-publish","has-post-thumbnail","hentry","product_category-pozostale"],"_links":{"self":[{"href":"https:\/\/www.jrs.bielawa.pl\/index.php\/wp-json\/wp\/v2\/product\/16","targetHints":{"allow":["GET"]}}],"collection":[{"href":"https:\/\/www.jrs.bielawa.pl\/index.php\/wp-json\/wp\/v2\/product"}],"about":[{"href":"https:\/\/www.jrs.bielawa.pl\/index.php\/wp-json\/wp\/v2\/types\/product"}],"wp:featuredmedia":[{"embeddable":true,"href":"https:\/\/www.jrs.bielawa.pl\/index.php\/wp-json\/wp\/v2\/media\/11"}],"wp:attachment":[{"href":"https:\/\/www.jrs.bielawa.pl\/index.php\/wp-json\/wp\/v2\/media?parent=16"}],"wp:term":[{"taxonomy":"product_category","embeddable":true,"href":"https:\/\/www.jrs.bielawa.pl\/index.php\/wp-json\/wp\/v2\/product_category?post=16"}],"curies":[{"name":"wp","href":"https:\/\/api.w.org\/{rel}","templated":true}]}}