{"id":17,"date":"2026-01-07T17:21:40","date_gmt":"2026-01-07T16:21:40","guid":{"rendered":"http:\/\/localhost\/jrs\/?post_type=product&#038;p=17"},"modified":"2026-01-11T17:17:56","modified_gmt":"2026-01-11T16:17:56","slug":"sensor-temperatury","status":"publish","type":"product","link":"https:\/\/www.jrs.bielawa.pl\/index.php\/produkt\/sensor-temperatury\/","title":{"rendered":"SENSOR TEMPERATURY"},"content":{"rendered":"\n<p>Ten czujnik temperatury wykorzystuje czu\u0142y termometr pok\u0142adowy do wykrywania zmian temperatury, zar\u00f3wno na plusie, jak i minusie, i ostrzega Ci\u0119 za pomoc\u0105 \u015bwiate\u0142 i d\u017awi\u0119ku.<\/p>\n\n\n\n<p>Pod\u015bwietlany pier\u015bcie\u0144 b\u0119dzie \u015bwieci\u0142 na czerwono lub niebiesko w zale\u017cno\u015bci od zmian temperatury. Jest prosty w obs\u0142udze, dobrze widoczny i trwa\u0142y.<\/p>\n\n\n\n<p>*UWAGA: Cz\u0119\u015bci tego produktu s\u0105 drukowane w technologii 3D bezpo\u015brednio w JRS Paranormal Technology. Ka\u017cdy z nich jest wytwarzany r\u0119cznie z najwy\u017csz\u0105 staranno\u015bci\u0105. W zwi\u0105zku z tym, ka\u017cdy z nich mo\u017ce mie\u0107 unikalne elementy w fakturze, kt\u00f3re mog\u0105 wydawa\u0107 si\u0119 drobnymi defektami. Te unikalne elementy nie wp\u0142ywaj\u0105 na funkcjonalno\u015b\u0107 produktu. Chocia\u017c dok\u0142adamy wszelkich stara\u0144, aby by\u0142y jak najbardziej jednolite, ka\u017cdy z nich b\u0119dzie w pewnym stopniu unikatowy, poniewa\u017c s\u0105 drukowane i wykonywane r\u0119cznie, co gwarantuje wysok\u0105 jako\u015b\u0107. Dzi\u0119kujemy za zrozumienie.<\/p>\n","protected":false},"featured_media":11,"template":"","product_category":[4],"class_list":["post-17","product","type-product","status-publish","has-post-thumbnail","hentry","product_category-pozostale"],"_links":{"self":[{"href":"https:\/\/www.jrs.bielawa.pl\/index.php\/wp-json\/wp\/v2\/product\/17","targetHints":{"allow":["GET"]}}],"collection":[{"href":"https:\/\/www.jrs.bielawa.pl\/index.php\/wp-json\/wp\/v2\/product"}],"about":[{"href":"https:\/\/www.jrs.bielawa.pl\/index.php\/wp-json\/wp\/v2\/types\/product"}],"wp:featuredmedia":[{"embeddable":true,"href":"https:\/\/www.jrs.bielawa.pl\/index.php\/wp-json\/wp\/v2\/media\/11"}],"wp:attachment":[{"href":"https:\/\/www.jrs.bielawa.pl\/index.php\/wp-json\/wp\/v2\/media?parent=17"}],"wp:term":[{"taxonomy":"product_category","embeddable":true,"href":"https:\/\/www.jrs.bielawa.pl\/index.php\/wp-json\/wp\/v2\/product_category?post=17"}],"curies":[{"name":"wp","href":"https:\/\/api.w.org\/{rel}","templated":true}]}}