{"id":31,"date":"2026-01-11T17:11:09","date_gmt":"2026-01-11T16:11:09","guid":{"rendered":"https:\/\/www.jrs.bielawa.pl\/?post_type=product&#038;p=31"},"modified":"2026-01-11T17:11:10","modified_gmt":"2026-01-11T16:11:10","slug":"prototyp-rempod-maly","status":"publish","type":"product","link":"https:\/\/www.jrs.bielawa.pl\/index.php\/produkt\/prototyp-rempod-maly\/","title":{"rendered":"PROTOTYP REMPOD MA\u0141Y"},"content":{"rendered":"\n<p>REMPOD MA\u0141Y to kompaktowe urz\u0105dzenie stworzone z my\u015bl\u0105 o badaniach zjawisk paranormalnych.<\/p>\n\n\n\n<p>Reaguje na zmiany pola elektromagnetycznego, sygnalizuj\u0105c je wizualnie za pomoc\u0105 diod LED.<\/p>\n\n\n\n<p>Niewielki rozmiar i stabilna konstrukcja czyni\u0105 go idealnym narz\u0119dziem terenowym.<\/p>\n\n\n\n<p><\/p>\n\n\n\n<p>*UWAGA: Produkt zawiera drobne niedoskona\u0142o\u015bci obudowie, gdyz jest to prototyp urz\u0105dzenia.<\/p>\n","protected":false},"featured_media":7,"template":"","product_category":[7],"class_list":["post-31","product","type-product","status-publish","has-post-thumbnail","hentry","product_category-wypredaz-prototypow"],"_links":{"self":[{"href":"https:\/\/www.jrs.bielawa.pl\/index.php\/wp-json\/wp\/v2\/product\/31","targetHints":{"allow":["GET"]}}],"collection":[{"href":"https:\/\/www.jrs.bielawa.pl\/index.php\/wp-json\/wp\/v2\/product"}],"about":[{"href":"https:\/\/www.jrs.bielawa.pl\/index.php\/wp-json\/wp\/v2\/types\/product"}],"wp:featuredmedia":[{"embeddable":true,"href":"https:\/\/www.jrs.bielawa.pl\/index.php\/wp-json\/wp\/v2\/media\/7"}],"wp:attachment":[{"href":"https:\/\/www.jrs.bielawa.pl\/index.php\/wp-json\/wp\/v2\/media?parent=31"}],"wp:term":[{"taxonomy":"product_category","embeddable":true,"href":"https:\/\/www.jrs.bielawa.pl\/index.php\/wp-json\/wp\/v2\/product_category?post=31"}],"curies":[{"name":"wp","href":"https:\/\/api.w.org\/{rel}","templated":true}]}}