{"id":6,"date":"2026-01-07T17:01:59","date_gmt":"2026-01-07T16:01:59","guid":{"rendered":"http:\/\/localhost\/jrs\/?post_type=product&#038;p=6"},"modified":"2026-01-07T17:03:18","modified_gmt":"2026-01-07T16:03:18","slug":"rempod-maly","status":"publish","type":"product","link":"https:\/\/www.jrs.bielawa.pl\/index.php\/produkt\/rempod-maly\/","title":{"rendered":"REMPOD MA\u0141Y"},"content":{"rendered":"\n<p>REMPOD MA\u0141Y to kompaktowe urz\u0105dzenie stworzone z my\u015bl\u0105 o badaniach zjawisk paranormalnych.<\/p>\n\n\n\n<p>Reaguje na zmiany pola elektromagnetycznego, sygnalizuj\u0105c je wizualnie za pomoc\u0105 diod LED.<\/p>\n\n\n\n<p>Niewielki rozmiar i stabilna konstrukcja czyni\u0105 go idealnym narz\u0119dziem terenowym.<\/p>\n","protected":false},"featured_media":7,"template":"","product_category":[2],"class_list":["post-6","product","type-product","status-publish","has-post-thumbnail","hentry","product_category-rempody"],"_links":{"self":[{"href":"https:\/\/www.jrs.bielawa.pl\/index.php\/wp-json\/wp\/v2\/product\/6","targetHints":{"allow":["GET"]}}],"collection":[{"href":"https:\/\/www.jrs.bielawa.pl\/index.php\/wp-json\/wp\/v2\/product"}],"about":[{"href":"https:\/\/www.jrs.bielawa.pl\/index.php\/wp-json\/wp\/v2\/types\/product"}],"wp:featuredmedia":[{"embeddable":true,"href":"https:\/\/www.jrs.bielawa.pl\/index.php\/wp-json\/wp\/v2\/media\/7"}],"wp:attachment":[{"href":"https:\/\/www.jrs.bielawa.pl\/index.php\/wp-json\/wp\/v2\/media?parent=6"}],"wp:term":[{"taxonomy":"product_category","embeddable":true,"href":"https:\/\/www.jrs.bielawa.pl\/index.php\/wp-json\/wp\/v2\/product_category?post=6"}],"curies":[{"name":"wp","href":"https:\/\/api.w.org\/{rel}","templated":true}]}}